{"id":27,"date":"2024-12-05T17:10:26","date_gmt":"2024-12-05T16:10:26","guid":{"rendered":"https:\/\/kanaibeer.com\/?page_id=27"},"modified":"2024-12-10T14:56:25","modified_gmt":"2024-12-10T13:56:25","slug":"nos-bieres-artisanale","status":"publish","type":"page","link":"https:\/\/kanaibeer.com\/?page_id=27","title":{"rendered":"Nos bi\u00e8res artisanale"},"content":{"rendered":"\n<div class=\"wp-block-uagb-container uagb-block-wutidtio alignfull uagb-is-root-container\"><div class=\"uagb-container-inner-blocks-wrap\">\n<div class=\"wp-block-uagb-info-box uagb-block-xjgrzex0 uagb-infobox__content-wrap  uagb-infobox-icon-above-title uagb-infobox-image-valign-top\"><div class=\"uagb-ifb-content\"><div class=\"uagb-ifb-title-wrap\"><h1 class=\"uagb-ifb-title\"><strong>Nos bi\u00e8res artisanales<\/strong><\/h1><\/div><\/div><\/div>\n<\/div><\/div>\n\n\n\n<div class=\"wp-block-uagb-container uagb-block-klugzwrg alignfull uagb-is-root-container\"><div class=\"uagb-container-inner-blocks-wrap\">\n<div class=\"wp-block-uagb-container uagb-block-nuxzerdr\">\n<div class=\"wp-block-uagb-container uagb-block-kvnkhtws\">\n<div class=\"wp-block-uagb-info-box uagb-block-zghm554j uagb-infobox__content-wrap  uagb-infobox-icon-above-title uagb-infobox-image-valign-top\"><div class=\"uagb-ifb-content\"><div class=\"uagb-ifb-title-wrap\"><p class=\"uagb-ifb-title-prefix\">01<\/p><h2 class=\"uagb-ifb-title\">Blonde<\/h2><\/div><p class=\"uagb-ifb-desc\">L\u00e9g\u00e8re, douce et rafra\u00eechissante, la Blonde Kana\u00ef est id\u00e9ale pour ceux qui recherchent une bi\u00e8re simple et d\u00e9salt\u00e9rante. Parfaite pour accompagner vos ap\u00e9ritifs, elle s\u2019adapte \u00e0 toutes les occasions avec son go\u00fbt subtil et \u00e9quilibr\u00e9.<\/p><\/div><\/div>\n<\/div>\n\n\n\n<div class=\"wp-block-uagb-image alignleft uagb-block-qs9pqlu8 wp-block-uagb-image--layout-default wp-block-uagb-image--effect-static wp-block-uagb-image--align-left\"><figure class=\"wp-block-uagb-image__figure\"><img decoding=\"async\" srcset=\"https:\/\/kanaibeer.com\/wp-content\/uploads\/2024\/12\/thumbnail_c257dc7c-c1e0-4d41-8953-57c95fa6b8a1-1024x807.jpg ,https:\/\/kanaibeer.com\/wp-content\/uploads\/2024\/12\/thumbnail_c257dc7c-c1e0-4d41-8953-57c95fa6b8a1.jpg 780w, https:\/\/kanaibeer.com\/wp-content\/uploads\/2024\/12\/thumbnail_c257dc7c-c1e0-4d41-8953-57c95fa6b8a1.jpg 360w\" sizes=\"auto, (max-width: 480px) 150px\" src=\"https:\/\/kanaibeer.com\/wp-content\/uploads\/2024\/12\/thumbnail_c257dc7c-c1e0-4d41-8953-57c95fa6b8a1-1024x807.jpg\" alt=\"\" class=\"uag-image-176\" width=\"600\" height=\"450\" title=\"thumbnail_c257dc7c-c1e0-4d41-8953-57c95fa6b8a1\" loading=\"lazy\" role=\"img\"\/><\/figure><\/div>\n<\/div>\n\n\n\n<div class=\"wp-block-uagb-container uagb-block-6m1nwllh\">\n<div class=\"wp-block-uagb-image alignleft uagb-block-zgj0qrrc wp-block-uagb-image--layout-default wp-block-uagb-image--effect-static wp-block-uagb-image--align-left\"><figure class=\"wp-block-uagb-image__figure\"><img decoding=\"async\" srcset=\"https:\/\/kanaibeer.com\/wp-content\/uploads\/2024\/12\/thumbnail_7e2a2c62-1742-4617-a10d-4b395f81e563-1024x922.jpg ,https:\/\/kanaibeer.com\/wp-content\/uploads\/2024\/12\/thumbnail_7e2a2c62-1742-4617-a10d-4b395f81e563.jpg 780w, https:\/\/kanaibeer.com\/wp-content\/uploads\/2024\/12\/thumbnail_7e2a2c62-1742-4617-a10d-4b395f81e563.jpg 360w\" sizes=\"auto, (max-width: 480px) 150px\" src=\"https:\/\/kanaibeer.com\/wp-content\/uploads\/2024\/12\/thumbnail_7e2a2c62-1742-4617-a10d-4b395f81e563-1024x922.jpg\" alt=\"\" class=\"uag-image-177\" width=\"600\" height=\"450\" title=\"thumbnail_7e2a2c62-1742-4617-a10d-4b395f81e563\" loading=\"lazy\" role=\"img\"\/><\/figure><\/div>\n\n\n\n<div class=\"wp-block-uagb-container uagb-block-bmynj6qb\">\n<div class=\"wp-block-uagb-info-box uagb-block-jlv7orpp uagb-infobox__content-wrap  uagb-infobox-icon-above-title uagb-infobox-image-valign-top\"><div class=\"uagb-ifb-content\"><div class=\"uagb-ifb-title-wrap\"><p class=\"uagb-ifb-title-prefix\">02<\/p><h2 class=\"uagb-ifb-title\"><strong>Blanche<\/strong> <\/h2><\/div><p class=\"uagb-ifb-desc\">Avec sa texture l\u00e9g\u00e8re et ses ar\u00f4mes d\u00e9licatement fruit\u00e9s, la Blanche Kana\u00ef se distingue par sa fra\u00eecheur. C\u2019est une bi\u00e8re qui invite \u00e0 l\u2019\u00e9vasion et se marie merveilleusement bien avec des plats l\u00e9gers ou \u00e9pic\u00e9s.<\/p><\/div><\/div>\n<\/div>\n<\/div>\n<\/div><\/div>\n\n\n\n<div class=\"wp-block-uagb-container uagb-block-9hhgo9wt alignfull uagb-is-root-container\"><div class=\"uagb-container-inner-blocks-wrap\">\n<div class=\"wp-block-uagb-container uagb-block-wfhupes7\">\n<div class=\"wp-block-uagb-container uagb-block-xcpjqanh\">\n<div class=\"wp-block-uagb-info-box uagb-block-adzqai1c uagb-infobox__content-wrap  uagb-infobox-icon-above-title uagb-infobox-image-valign-top\"><div class=\"uagb-ifb-content\"><div class=\"uagb-ifb-title-wrap\"><p class=\"uagb-ifb-title-prefix\">03<\/p><h2 class=\"uagb-ifb-title\"><strong>Brune<\/strong> <\/h2><\/div><p class=\"uagb-ifb-desc\">Riche, complexe et intense, la Brune Kana\u00ef s\u00e9duit par ses saveurs profondes et ses notes torr\u00e9fi\u00e9es. C\u2019est une bi\u00e8re de caract\u00e8re qui ravira les amateurs d\u2019exp\u00e9riences gustatives plus marqu\u00e9es. Elle accompagne \u00e0 merveille les desserts au chocolat ou les mets cors\u00e9s.<\/p><\/div><\/div>\n<\/div>\n\n\n\n<div class=\"wp-block-uagb-image alignleft uagb-block-hmxlcqod wp-block-uagb-image--layout-default wp-block-uagb-image--effect-static wp-block-uagb-image--align-left\"><figure class=\"wp-block-uagb-image__figure\"><img decoding=\"async\" srcset=\"https:\/\/kanaibeer.com\/wp-content\/uploads\/2024\/12\/thumbnail_IMG_1730.jpg ,https:\/\/kanaibeer.com\/wp-content\/uploads\/2024\/12\/thumbnail_IMG_1730.jpg 780w, https:\/\/kanaibeer.com\/wp-content\/uploads\/2024\/12\/thumbnail_IMG_1730.jpg 360w\" sizes=\"auto, (max-width: 480px) 150px\" src=\"https:\/\/kanaibeer.com\/wp-content\/uploads\/2024\/12\/thumbnail_IMG_1730.jpg\" alt=\"\" class=\"uag-image-186\" width=\"1024\" height=\"683\" title=\"thumbnail_IMG_1730\" loading=\"lazy\" role=\"img\"\/><\/figure><\/div>\n<\/div>\n\n\n\n<div class=\"wp-block-uagb-container uagb-block-mqpauihj\">\n<div class=\"wp-block-uagb-image alignleft uagb-block-2swo5pdu wp-block-uagb-image--layout-default wp-block-uagb-image--effect-static wp-block-uagb-image--align-left\"><figure class=\"wp-block-uagb-image__figure\"><img decoding=\"async\" srcset=\"https:\/\/kanaibeer.com\/wp-content\/uploads\/2024\/12\/PHOTO-2024-07-15-14-52-55-1-768x1024.jpg ,https:\/\/kanaibeer.com\/wp-content\/uploads\/2024\/12\/PHOTO-2024-07-15-14-52-55-1.jpg 780w, https:\/\/kanaibeer.com\/wp-content\/uploads\/2024\/12\/PHOTO-2024-07-15-14-52-55-1.jpg 360w\" sizes=\"auto, (max-width: 480px) 150px\" src=\"https:\/\/kanaibeer.com\/wp-content\/uploads\/2024\/12\/PHOTO-2024-07-15-14-52-55-1-768x1024.jpg\" alt=\"\" class=\"uag-image-190\" width=\"1024\" height=\"683\" title=\"PHOTO-2024-07-15-14-52-55\" loading=\"lazy\" role=\"img\"\/><\/figure><\/div>\n\n\n\n<div class=\"wp-block-uagb-container uagb-block-w4skqpdm\">\n<div class=\"wp-block-uagb-info-box uagb-block-0qr9w8sf uagb-infobox__content-wrap  uagb-infobox-icon-above-title uagb-infobox-image-valign-top\"><div class=\"uagb-ifb-content\"><div class=\"uagb-ifb-title-wrap\"><p class=\"uagb-ifb-title-prefix\">04<\/p><h2 class=\"uagb-ifb-title\"><strong>Rousse<\/strong> <\/h2><\/div><p class=\"uagb-ifb-desc\">Gourmande et g\u00e9n\u00e9reuse, la Rousse Kana\u00ef d\u00e9voile des notes caram\u00e9lis\u00e9es et malt\u00e9es. Sa rondeur en bouche et son \u00e9quilibre en font une bi\u00e8re r\u00e9confortante, parfaite pour accompagner des plats traditionnels ou des moments chaleureux entre amis.<\/p><\/div><\/div>\n<\/div>\n<\/div>\n<\/div><\/div>\n\n\n\n<div class=\"wp-block-uagb-container uagb-block-4a2crfdm alignfull uagb-is-root-container\"><div class=\"uagb-container-inner-blocks-wrap\">\n<div class=\"wp-block-uagb-container uagb-block-gdkw8vga\">\n<div class=\"wp-block-uagb-container uagb-block-xg9c8lms\">\n<div class=\"wp-block-uagb-info-box uagb-block-yr2vqkqn uagb-infobox__content-wrap  uagb-infobox-icon-above-title uagb-infobox-image-valign-top\"><div class=\"uagb-ifb-content\"><div class=\"uagb-ifb-title-wrap\"><p class=\"uagb-ifb-title-prefix\">05<\/p><h2 class=\"uagb-ifb-title\"><strong>IPApapa<\/strong> <\/h2><\/div><p class=\"uagb-ifb-desc\">Une bi\u00e8re audacieuse pour les amateurs de houblon ! Avec ses ar\u00f4mes intenses et son amertume assum\u00e9e, l\u2019IPApapa est une v\u00e9ritable explosion de saveurs. Elle se d\u00e9guste aussi bien seule qu\u2019en accompagnement de plats relev\u00e9s ou exotiques.<\/p><\/div><\/div>\n<\/div>\n\n\n\n<div class=\"wp-block-uagb-image alignleft uagb-block-m6nlv4vx wp-block-uagb-image--layout-default wp-block-uagb-image--effect-static wp-block-uagb-image--align-left\"><figure class=\"wp-block-uagb-image__figure\"><img decoding=\"async\" srcset=\"https:\/\/kanaibeer.com\/wp-content\/uploads\/2024\/12\/thumbnail_a999e2b9-644e-4332-99db-d0aa77d26a9b-1024x794.jpg ,https:\/\/kanaibeer.com\/wp-content\/uploads\/2024\/12\/thumbnail_a999e2b9-644e-4332-99db-d0aa77d26a9b.jpg 780w, https:\/\/kanaibeer.com\/wp-content\/uploads\/2024\/12\/thumbnail_a999e2b9-644e-4332-99db-d0aa77d26a9b.jpg 360w\" sizes=\"auto, (max-width: 480px) 150px\" src=\"https:\/\/kanaibeer.com\/wp-content\/uploads\/2024\/12\/thumbnail_a999e2b9-644e-4332-99db-d0aa77d26a9b-1024x794.jpg\" alt=\"\" class=\"uag-image-178\" width=\"600\" height=\"450\" title=\"thumbnail_a999e2b9-644e-4332-99db-d0aa77d26a9b\" loading=\"lazy\" role=\"img\"\/><\/figure><\/div>\n<\/div>\n<\/div><\/div>\n\n\n\n<div class=\"wp-block-uagb-container uagb-block-v84tqi2e alignfull uagb-is-root-container\"><div class=\"uagb-container-inner-blocks-wrap\">\n<div class=\"wp-block-uagb-buttons uagb-buttons__outer-wrap uagb-btn__default-btn uagb-btn-tablet__default-btn uagb-btn-mobile__default-btn uagb-block-2239f1b6\"><div class=\"uagb-buttons__wrap uagb-buttons-layout-wrap \">\n<div class=\"wp-block-uagb-buttons-child uagb-buttons__outer-wrap uagb-block-c69a152c wp-block-button\"><div class=\"uagb-button__wrapper\"><a class=\"uagb-buttons-repeater wp-block-button__link\" aria-label=\"\" href=\"https:\/\/kanaibeer.com\/?page_id=142\u2197\" rel=\"follow noopener\" target=\"_self\" role=\"button\"><div class=\"uagb-button__link\">Nous contacter<\/div><\/a><\/div><\/div>\n<\/div><\/div>\n<\/div><\/div>\n\n\n\n<p><\/p>\n","protected":false},"excerpt":{"rendered":"","protected":false},"author":1,"featured_media":0,"parent":0,"menu_order":0,"comment_status":"closed","ping_status":"closed","template":"","meta":{"_uag_custom_page_level_css":"","site-sidebar-layout":"default","site-content-layout":"","ast-site-content-layout":"","site-content-style":"default","site-sidebar-style":"default","ast-global-header-display":"","ast-banner-title-visibility":"","ast-main-header-display":"","ast-hfb-above-header-display":"","ast-hfb-below-header-display":"","ast-hfb-mobile-header-display":"","site-post-title":"disabled","ast-breadcrumbs-content":"","ast-featured-img":"","footer-sml-layout":"","theme-transparent-header-meta":"","adv-header-id-meta":"","stick-header-meta":"","header-above-stick-meta":"","header-main-stick-meta":"","header-below-stick-meta":"","astra-migrate-meta-layouts":"default","ast-page-background-enabled":"default","ast-page-background-meta":{"desktop":{"background-color":"var(--ast-global-color-4)","background-image":"","background-repeat":"repeat","background-position":"center center","background-size":"auto","background-attachment":"scroll","background-type":"","background-media":"","overlay-type":"","overlay-color":"","overlay-opacity":"","overlay-gradient":""},"tablet":{"background-color":"","background-image":"","background-repeat":"repeat","background-position":"center center","background-size":"auto","background-attachment":"scroll","background-type":"","background-media":"","overlay-type":"","overlay-color":"","overlay-opacity":"","overlay-gradient":""},"mobile":{"background-color":"","background-image":"","background-repeat":"repeat","background-position":"center center","background-size":"auto","background-attachment":"scroll","background-type":"","background-media":"","overlay-type":"","overlay-color":"","overlay-opacity":"","overlay-gradient":""}},"ast-content-background-meta":{"desktop":{"background-color":"var(--ast-global-color-5)","background-image":"","background-repeat":"repeat","background-position":"center center","background-size":"auto","background-attachment":"scroll","background-type":"","background-media":"","overlay-type":"","overlay-color":"","overlay-opacity":"","overlay-gradient":""},"tablet":{"background-color":"var(--ast-global-color-5)","background-image":"","background-repeat":"repeat","background-position":"center center","background-size":"auto","background-attachment":"scroll","background-type":"","background-media":"","overlay-type":"","overlay-color":"","overlay-opacity":"","overlay-gradient":""},"mobile":{"background-color":"var(--ast-global-color-5)","background-image":"","background-repeat":"repeat","background-position":"center center","background-size":"auto","background-attachment":"scroll","background-type":"","background-media":"","overlay-type":"","overlay-color":"","overlay-opacity":"","overlay-gradient":""}},"footnotes":""},"class_list":["post-27","page","type-page","status-publish","hentry"],"yoast_head":"<!-- This site is optimized with the Yoast SEO plugin v24.0 - https:\/\/yoast.com\/wordpress\/plugins\/seo\/ -->\n<title>Nos bi\u00e8res artisanale -<\/title>\n<meta name=\"description\" content=\"Kana\u00ef, des bi\u00e8res artisanales uniques, cr\u00e9\u00e9es avec passion et inspir\u00e9es par l\u2019amiti\u00e9, enracin\u00e9es dans la vall\u00e9e de la Roya.\" \/>\n<meta name=\"robots\" content=\"index, follow, max-snippet:-1, max-image-preview:large, max-video-preview:-1\" \/>\n<link rel=\"canonical\" href=\"https:\/\/kanaibeer.com\/?page_id=27\" \/>\n<meta property=\"og:locale\" content=\"fr_FR\" \/>\n<meta property=\"og:type\" content=\"article\" \/>\n<meta property=\"og:title\" content=\"Nos bi\u00e8res artisanale -\" \/>\n<meta property=\"og:description\" content=\"Kana\u00ef, des bi\u00e8res artisanales uniques, cr\u00e9\u00e9es avec passion et inspir\u00e9es par l\u2019amiti\u00e9, enracin\u00e9es dans la vall\u00e9e de la Roya.\" \/>\n<meta property=\"og:url\" content=\"https:\/\/kanaibeer.com\/?page_id=27\" \/>\n<meta property=\"article:modified_time\" content=\"2024-12-10T13:56:25+00:00\" \/>\n<meta property=\"og:image\" content=\"http:\/\/kanaibeer.com\/wp-content\/uploads\/2024\/12\/thumbnail_c257dc7c-c1e0-4d41-8953-57c95fa6b8a1-1024x807.jpg\" \/>\n<meta name=\"twitter:card\" content=\"summary_large_image\" \/>\n<meta name=\"twitter:label1\" content=\"Dur\u00e9e de lecture estim\u00e9e\" \/>\n\t<meta name=\"twitter:data1\" content=\"3 minutes\" \/>\n<script type=\"application\/ld+json\" class=\"yoast-schema-graph\">{\"@context\":\"https:\/\/schema.org\",\"@graph\":[{\"@type\":\"WebPage\",\"@id\":\"https:\/\/kanaibeer.com\/?page_id=27\",\"url\":\"https:\/\/kanaibeer.com\/?page_id=27\",\"name\":\"Nos bi\u00e8res artisanale -\",\"isPartOf\":{\"@id\":\"https:\/\/kanaibeer.com\/#website\"},\"primaryImageOfPage\":{\"@id\":\"https:\/\/kanaibeer.com\/?page_id=27#primaryimage\"},\"image\":{\"@id\":\"https:\/\/kanaibeer.com\/?page_id=27#primaryimage\"},\"thumbnailUrl\":\"http:\/\/kanaibeer.com\/wp-content\/uploads\/2024\/12\/thumbnail_c257dc7c-c1e0-4d41-8953-57c95fa6b8a1-1024x807.jpg\",\"datePublished\":\"2024-12-05T16:10:26+00:00\",\"dateModified\":\"2024-12-10T13:56:25+00:00\",\"description\":\"Kana\u00ef, des bi\u00e8res artisanales uniques, cr\u00e9\u00e9es avec passion et inspir\u00e9es par l\u2019amiti\u00e9, enracin\u00e9es dans la vall\u00e9e de la Roya.\",\"breadcrumb\":{\"@id\":\"https:\/\/kanaibeer.com\/?page_id=27#breadcrumb\"},\"inLanguage\":\"fr-FR\",\"potentialAction\":[{\"@type\":\"ReadAction\",\"target\":[\"https:\/\/kanaibeer.com\/?page_id=27\"]}]},{\"@type\":\"ImageObject\",\"inLanguage\":\"fr-FR\",\"@id\":\"https:\/\/kanaibeer.com\/?page_id=27#primaryimage\",\"url\":\"http:\/\/kanaibeer.com\/wp-content\/uploads\/2024\/12\/thumbnail_c257dc7c-c1e0-4d41-8953-57c95fa6b8a1-1024x807.jpg\",\"contentUrl\":\"http:\/\/kanaibeer.com\/wp-content\/uploads\/2024\/12\/thumbnail_c257dc7c-c1e0-4d41-8953-57c95fa6b8a1-1024x807.jpg\"},{\"@type\":\"BreadcrumbList\",\"@id\":\"https:\/\/kanaibeer.com\/?page_id=27#breadcrumb\",\"itemListElement\":[{\"@type\":\"ListItem\",\"position\":1,\"name\":\"Accueil\",\"item\":\"https:\/\/kanaibeer.com\/\"},{\"@type\":\"ListItem\",\"position\":2,\"name\":\"Nos bi\u00e8res artisanale\"}]},{\"@type\":\"WebSite\",\"@id\":\"https:\/\/kanaibeer.com\/#website\",\"url\":\"https:\/\/kanaibeer.com\/\",\"name\":\"\",\"description\":\"vitrine conviviale et authentique d\u00e9di\u00e9e \u00e0 la d\u00e9couverte de bi\u00e8res artisanales uniques, incarnant partage, terroir et cr\u00e9ativit\u00e9.\",\"potentialAction\":[{\"@type\":\"SearchAction\",\"target\":{\"@type\":\"EntryPoint\",\"urlTemplate\":\"https:\/\/kanaibeer.com\/?s={search_term_string}\"},\"query-input\":{\"@type\":\"PropertyValueSpecification\",\"valueRequired\":true,\"valueName\":\"search_term_string\"}}],\"inLanguage\":\"fr-FR\"}]}<\/script>\n<!-- \/ Yoast SEO plugin. -->","yoast_head_json":{"title":"Nos bi\u00e8res artisanale -","description":"Kana\u00ef, des bi\u00e8res artisanales uniques, cr\u00e9\u00e9es avec passion et inspir\u00e9es par l\u2019amiti\u00e9, enracin\u00e9es dans la vall\u00e9e de la Roya.","robots":{"index":"index","follow":"follow","max-snippet":"max-snippet:-1","max-image-preview":"max-image-preview:large","max-video-preview":"max-video-preview:-1"},"canonical":"https:\/\/kanaibeer.com\/?page_id=27","og_locale":"fr_FR","og_type":"article","og_title":"Nos bi\u00e8res artisanale -","og_description":"Kana\u00ef, des bi\u00e8res artisanales uniques, cr\u00e9\u00e9es avec passion et inspir\u00e9es par l\u2019amiti\u00e9, enracin\u00e9es dans la vall\u00e9e de la Roya.","og_url":"https:\/\/kanaibeer.com\/?page_id=27","article_modified_time":"2024-12-10T13:56:25+00:00","og_image":[{"url":"http:\/\/kanaibeer.com\/wp-content\/uploads\/2024\/12\/thumbnail_c257dc7c-c1e0-4d41-8953-57c95fa6b8a1-1024x807.jpg","type":"","width":"","height":""}],"twitter_card":"summary_large_image","twitter_misc":{"Dur\u00e9e de lecture estim\u00e9e":"3 minutes"},"schema":{"@context":"https:\/\/schema.org","@graph":[{"@type":"WebPage","@id":"https:\/\/kanaibeer.com\/?page_id=27","url":"https:\/\/kanaibeer.com\/?page_id=27","name":"Nos bi\u00e8res artisanale -","isPartOf":{"@id":"https:\/\/kanaibeer.com\/#website"},"primaryImageOfPage":{"@id":"https:\/\/kanaibeer.com\/?page_id=27#primaryimage"},"image":{"@id":"https:\/\/kanaibeer.com\/?page_id=27#primaryimage"},"thumbnailUrl":"http:\/\/kanaibeer.com\/wp-content\/uploads\/2024\/12\/thumbnail_c257dc7c-c1e0-4d41-8953-57c95fa6b8a1-1024x807.jpg","datePublished":"2024-12-05T16:10:26+00:00","dateModified":"2024-12-10T13:56:25+00:00","description":"Kana\u00ef, des bi\u00e8res artisanales uniques, cr\u00e9\u00e9es avec passion et inspir\u00e9es par l\u2019amiti\u00e9, enracin\u00e9es dans la vall\u00e9e de la Roya.","breadcrumb":{"@id":"https:\/\/kanaibeer.com\/?page_id=27#breadcrumb"},"inLanguage":"fr-FR","potentialAction":[{"@type":"ReadAction","target":["https:\/\/kanaibeer.com\/?page_id=27"]}]},{"@type":"ImageObject","inLanguage":"fr-FR","@id":"https:\/\/kanaibeer.com\/?page_id=27#primaryimage","url":"http:\/\/kanaibeer.com\/wp-content\/uploads\/2024\/12\/thumbnail_c257dc7c-c1e0-4d41-8953-57c95fa6b8a1-1024x807.jpg","contentUrl":"http:\/\/kanaibeer.com\/wp-content\/uploads\/2024\/12\/thumbnail_c257dc7c-c1e0-4d41-8953-57c95fa6b8a1-1024x807.jpg"},{"@type":"BreadcrumbList","@id":"https:\/\/kanaibeer.com\/?page_id=27#breadcrumb","itemListElement":[{"@type":"ListItem","position":1,"name":"Accueil","item":"https:\/\/kanaibeer.com\/"},{"@type":"ListItem","position":2,"name":"Nos bi\u00e8res artisanale"}]},{"@type":"WebSite","@id":"https:\/\/kanaibeer.com\/#website","url":"https:\/\/kanaibeer.com\/","name":"","description":"vitrine conviviale et authentique d\u00e9di\u00e9e \u00e0 la d\u00e9couverte de bi\u00e8res artisanales uniques, incarnant partage, terroir et cr\u00e9ativit\u00e9.","potentialAction":[{"@type":"SearchAction","target":{"@type":"EntryPoint","urlTemplate":"https:\/\/kanaibeer.com\/?s={search_term_string}"},"query-input":{"@type":"PropertyValueSpecification","valueRequired":true,"valueName":"search_term_string"}}],"inLanguage":"fr-FR"}]}},"uagb_featured_image_src":{"full":false,"thumbnail":false,"medium":false,"medium_large":false,"large":false,"1536x1536":false,"2048x2048":false},"uagb_author_info":{"display_name":"admin9689","author_link":"https:\/\/kanaibeer.com\/?author=1"},"uagb_comment_info":0,"uagb_excerpt":null,"_links":{"self":[{"href":"https:\/\/kanaibeer.com\/index.php?rest_route=\/wp\/v2\/pages\/27","targetHints":{"allow":["GET"]}}],"collection":[{"href":"https:\/\/kanaibeer.com\/index.php?rest_route=\/wp\/v2\/pages"}],"about":[{"href":"https:\/\/kanaibeer.com\/index.php?rest_route=\/wp\/v2\/types\/page"}],"author":[{"embeddable":true,"href":"https:\/\/kanaibeer.com\/index.php?rest_route=\/wp\/v2\/users\/1"}],"replies":[{"embeddable":true,"href":"https:\/\/kanaibeer.com\/index.php?rest_route=%2Fwp%2Fv2%2Fcomments&post=27"}],"version-history":[{"count":18,"href":"https:\/\/kanaibeer.com\/index.php?rest_route=\/wp\/v2\/pages\/27\/revisions"}],"predecessor-version":[{"id":191,"href":"https:\/\/kanaibeer.com\/index.php?rest_route=\/wp\/v2\/pages\/27\/revisions\/191"}],"wp:attachment":[{"href":"https:\/\/kanaibeer.com\/index.php?rest_route=%2Fwp%2Fv2%2Fmedia&parent=27"}],"curies":[{"name":"wp","href":"https:\/\/api.w.org\/{rel}","templated":true}]}}