{"id":29,"date":"2024-12-05T17:20:14","date_gmt":"2024-12-05T16:20:14","guid":{"rendered":"https:\/\/kanaibeer.com\/?page_id=29"},"modified":"2024-12-10T14:54:46","modified_gmt":"2024-12-10T13:54:46","slug":"kanai","status":"publish","type":"page","link":"https:\/\/kanaibeer.com\/","title":{"rendered":"Kana\u00ef"},"content":{"rendered":"\n<div class=\"wp-block-uagb-container uagb-block-494c42c4 alignfull uagb-is-root-container\"><div class=\"uagb-container-inner-blocks-wrap\">\n<div class=\"wp-block-uagb-info-box uagb-block-cd2517a4 uagb-infobox__content-wrap  uagb-infobox-icon-above-title uagb-infobox-image-valign-top wp-block-uagb-info-box--has-margin\"><div class=\"uagb-infobox-margin-wrapper\"><div class=\"uagb-ifb-content\"><div class=\"uagb-ifb-title-wrap\"><h2 class=\"uagb-ifb-title\">kana\u00ef<\/h2><\/div><p class=\"uagb-ifb-desc\"><strong>Welcome chez kana\u00ef , la bi\u00e8re artisanale festive et conviviale \u00e0 partager entre copains !<\/strong><\/p><\/div><\/div><\/div>\n<\/div><\/div>\n\n\n\n<p><\/p>\n\n\n\n<p><\/p>\n\n\n\n<p>Kana\u00ef est une aventure n\u00e9e d\u2019un groupe d\u2019amis partageant une passion commune pour la convivialit\u00e9 et les produits locaux. Apr\u00e8s de nombreuses soir\u00e9es d\u2019\u00e9changes et de rires, nous avons d\u00e9cid\u00e9 de cr\u00e9er notre propre bi\u00e8re artisanale, refl\u00e9tant nos valeurs d\u2019authenticit\u00e9, de qualit\u00e9 et de partage.<\/p>\n\n\n\n<p>Convaincus que la bi\u00e8re est un produit universel et f\u00e9d\u00e9rateur, nous avons con\u00e7u cinq recettes uniques, adapt\u00e9es \u00e0 tous les go\u00fbts et \u00e0 chaque moment de l\u2019ann\u00e9e. Ce projet est \u00e9galement un hommage \u00e0 notre territoire : la vall\u00e9e de la Roya et le village de La Brigue, o\u00f9 nous avons grandi et o\u00f9 notre entreprise est aujourd\u2019hui install\u00e9e.<\/p>\n\n\n\n<p>Notre mission : offrir des moments uniques \u00e0 travers une d\u00e9gustation qui c\u00e9l\u00e8bre l\u2019amiti\u00e9 et le plaisir partag\u00e9.<\/p>\n\n\n\n<div class=\"wp-block-uagb-buttons uagb-buttons__outer-wrap uagb-btn__medium-btn uagb-btn-tablet__default-btn uagb-btn-mobile__default-btn uagb-block-b1d2bdfa\"><div class=\"uagb-buttons__wrap uagb-buttons-layout-wrap \">\n<div class=\"wp-block-uagb-buttons-child uagb-buttons__outer-wrap uagb-block-c8489b56 wp-block-button\"><div class=\"uagb-button__wrapper\"><a class=\"uagb-buttons-repeater wp-block-button__link\" aria-label=\"\" href=\"https:\/\/kanaibeer.com\/?page_id=85\u2197\" rel=\"follow noopener\" target=\"_self\" role=\"button\"><div class=\"uagb-button__link\">En savoir plus <\/div><\/a><\/div><\/div>\n<\/div><\/div>\n\n\n\n<div class=\"wp-block-uagb-container uagb-block-5fcee4f8 alignfull uagb-is-root-container\"><div class=\"uagb-container-inner-blocks-wrap\">\n<div class=\"wp-block-uagb-container uagb-block-4a8e1942\">\n<div class=\"wp-block-uagb-container uagb-block-c988f562\">\n<div class=\"wp-block-uagb-image alignleft uagb-block-a35d235b wp-block-uagb-image--layout-default wp-block-uagb-image--effect-static wp-block-uagb-image--align-left\"><figure class=\"wp-block-uagb-image__figure\"><img decoding=\"async\" srcset=\"https:\/\/kanaibeer.com\/wp-content\/uploads\/2024\/12\/bonne_biere_rousse_img_2048x1528-1024x764.jpg ,https:\/\/kanaibeer.com\/wp-content\/uploads\/2024\/12\/bonne_biere_rousse_img_2048x1528.jpg 780w, https:\/\/kanaibeer.com\/wp-content\/uploads\/2024\/12\/bonne_biere_rousse_img_2048x1528.jpg 360w\" sizes=\"auto, (max-width: 480px) 150px\" src=\"https:\/\/kanaibeer.com\/wp-content\/uploads\/2024\/12\/bonne_biere_rousse_img_2048x1528-1024x764.jpg\" alt=\"\" class=\"uag-image-56\" width=\"373\" height=\"464\" title=\"bonne_biere_rousse_img_2048x1528\" loading=\"lazy\" role=\"img\"\/><\/figure><\/div>\n\n\n\n<div class=\"wp-block-uagb-advanced-heading uagb-block-b07219d5\"><h3 class=\"uagb-heading-text\">Authentique<\/h3><p class=\"uagb-desc-text\">Des bi\u00e8res artisanales ancr\u00e9es dans les traditions locales.<\/p><\/div>\n<\/div>\n\n\n\n<div class=\"wp-block-uagb-container uagb-block-0ad6ff4e\">\n<div class=\"wp-block-uagb-image alignleft uagb-block-930d8e85 wp-block-uagb-image--layout-default wp-block-uagb-image--effect-static wp-block-uagb-image--align-left\"><figure class=\"wp-block-uagb-image__figure\"><img decoding=\"async\" srcset=\"https:\/\/kanaibeer.com\/wp-content\/uploads\/2024\/12\/gastronomic-cerveza-1024x504.jpg ,https:\/\/kanaibeer.com\/wp-content\/uploads\/2024\/12\/gastronomic-cerveza.jpg 780w, https:\/\/kanaibeer.com\/wp-content\/uploads\/2024\/12\/gastronomic-cerveza.jpg 360w\" sizes=\"auto, (max-width: 480px) 150px\" src=\"https:\/\/kanaibeer.com\/wp-content\/uploads\/2024\/12\/gastronomic-cerveza-1024x504.jpg\" alt=\"\" class=\"uag-image-55\" width=\"373\" height=\"464\" title=\"gastronomic-cerveza\" loading=\"lazy\" role=\"img\"\/><\/figure><\/div>\n\n\n\n<div class=\"wp-block-uagb-advanced-heading uagb-block-3974de5a\"><h3 class=\"uagb-heading-text\"><strong>Convivial<\/strong><\/h3><p class=\"uagb-desc-text\">Pens\u00e9 pour partager des moments de joie et d\u2019amiti\u00e9.<\/p><\/div>\n<\/div>\n\n\n\n<div class=\"wp-block-uagb-container uagb-block-48a31e6a\">\n<div class=\"wp-block-uagb-image alignleft uagb-block-2675d6b0 wp-block-uagb-image--layout-default wp-block-uagb-image--effect-static wp-block-uagb-image--align-left\"><figure class=\"wp-block-uagb-image__figure\"><img decoding=\"async\" srcset=\"https:\/\/kanaibeer.com\/wp-content\/uploads\/2024\/12\/8dsyKCf-1024x713.webp ,https:\/\/kanaibeer.com\/wp-content\/uploads\/2024\/12\/8dsyKCf-scaled.webp 780w, https:\/\/kanaibeer.com\/wp-content\/uploads\/2024\/12\/8dsyKCf-scaled.webp 360w\" sizes=\"auto, (max-width: 480px) 150px\" src=\"https:\/\/kanaibeer.com\/wp-content\/uploads\/2024\/12\/8dsyKCf-1024x713.webp\" alt=\"\" class=\"uag-image-57\" width=\"373\" height=\"464\" title=\"8dsyKCf\" loading=\"lazy\" role=\"img\"\/><\/figure><\/div>\n\n\n\n<div class=\"wp-block-uagb-advanced-heading uagb-block-8f982c10\"><h3 class=\"uagb-heading-text\"><strong>Cr\u00e9atif<\/strong><\/h3><p class=\"uagb-desc-text\">Une gamme vari\u00e9e aux saveurs uniques et originales.<\/p><\/div>\n<\/div>\n<\/div>\n<\/div><\/div>\n\n\n\n<div class=\"wp-block-uagb-info-box uagb-block-7b7211c7 uagb-infobox__content-wrap  uagb-infobox-icon-above-title uagb-infobox-image-valign-top\"><div class=\"uagb-ifb-content\"><div class=\"uagb-ifb-image-content\"><img decoding=\"async\" src=\"http:\/\/kanaibeer.com\/wp-content\/uploads\/2024\/12\/cropped-cropped-kanai-png-1.png\" alt=\"\" width=\"\" height=\"0\" loading=\"lazy\"\/><\/div><div class=\"uagb-ifb-title-wrap\"><h3 class=\"uagb-ifb-title\">D\u00e9couvrez les bi\u00e8res Kana\u00ef<\/h3><\/div><\/div><\/div>\n\n\n\n<div class=\"wp-block-uagb-call-to-action uagb-block-d1419aeb wp-block-button\"><div class=\"uagb-cta__wrap\"><p class=\"uagb-cta__desc\">Kana\u00ef propose une gamme de bi\u00e8res artisanales qui incarnent convivialit\u00e9 et authenticit\u00e9. Chaque bi\u00e8re est con\u00e7ue pour offrir une exp\u00e9rience unique, avec des saveurs vari\u00e9es adapt\u00e9es \u00e0 tous les go\u00fbts et moments :<br><br>&#8211; <strong>Blonde<\/strong> : l\u00e9g\u00e8re et rafra\u00eechissante.<br>&#8211; <strong>Blanche<\/strong> : douce et subtilement fruit\u00e9e.<br>&#8211; <strong>Brune<\/strong> : riche et intense.<br>&#8211; <strong>Rousse<\/strong> : aux notes caram\u00e9lis\u00e9es.<br>&#8211;<strong> IPA<\/strong> : audacieuse et houblonn\u00e9e.<br><br>Chaque bi\u00e8re est pens\u00e9e pour r\u00e9unir les amis autour de moments de partage inoubliables. Alors, quelle Kana\u00ef r\u00e9veille la canaille en vous ?<\/p><\/div><div class=\"uagb-cta__buttons\"><a href=\"https:\/\/kanaibeer.com\/?page_id=27\u2197\" class=\"uagb-cta__button-link-wrapper wp-block-button__link\" target=\"_self\" rel=\"noopener noreferrer\">D\u00e9couvrir les bi\u00e8res<svg xmlns=\"https:\/\/www.w3.org\/2000\/svg\" viewBox=\"0 0 512 512\"><path d=\"M504.3 273.6l-112.1 104c-6.992 6.484-17.18 8.218-25.94 4.406c-8.758-3.812-14.42-12.45-14.42-21.1L351.9 288H32C14.33 288 .0002 273.7 .0002 255.1S14.33 224 32 224h319.9l0-72c0-9.547 5.66-18.19 14.42-22c8.754-3.809 18.95-2.075 25.94 4.41l112.1 104C514.6 247.9 514.6 264.1 504.3 273.6z\"><\/path><\/svg><\/a><\/div><\/div>\n\n\n\n<div class=\"wp-block-uagb-container uagb-layout-grid uagb-block-0186287e alignfull uagb-is-root-container\"><div class=\"uagb-container-inner-blocks-wrap\">\n<div class=\"wp-block-uagb-info-box uagb-block-03550eeb uagb-infobox__content-wrap  uagb-infobox-icon-above-title uagb-infobox-image-valign-top wp-block-uagb-info-box--has-margin\"><div class=\"uagb-infobox-margin-wrapper\"><div class=\"uagb-ifb-content\"><div class=\"uagb-ifb-title-wrap\"><span class=\"uagb-ifb-title-prefix\"><strong>La brigue<\/strong><\/span><h4 class=\"uagb-ifb-title\">Notre village<\/h4><\/div><p class=\"uagb-ifb-desc\">Situ\u00e9e dans les Alpes-Maritimes, La Brigue est un village pittoresque au c\u0153ur de la vall\u00e9e de la Roya. Ses ruelles pav\u00e9es, ses maisons en pierre et son patrimoine historique en font un lieu plein de charme et d\u2019authenticit\u00e9. Entour\u00e9 de paysages naturels pr\u00e9serv\u00e9s, ce village est riche en traditions locales et en artisanat.<br>La Brigue est aussi un symbole de r\u00e9silience, notamment apr\u00e8s la temp\u00eate Alex, et reste un lieu inspirant pour les initiatives qui valorisent le territoire, comme le projet de bi\u00e8re artisanale Kana\u00ef.<\/p><\/div><\/div><\/div>\n\n\n\n<div class=\"wp-block-uagb-image alignright uagb-block-37933192 wp-block-uagb-image--layout-default wp-block-uagb-image--effect-static wp-block-uagb-image--align-right\"><figure class=\"wp-block-uagb-image__figure\"><img decoding=\"async\" srcset=\"https:\/\/kanaibeer.com\/wp-content\/uploads\/2024\/12\/La-Brigue-1B-Fotolia_156743-1.jpg ,http:\/\/kanaibeer.com\/wp-content\/uploads\/2024\/12\/La-Brigue-1B-Fotolia_156743-1.jpg 780w, http:\/\/kanaibeer.com\/wp-content\/uploads\/2024\/12\/La-Brigue-1B-Fotolia_156743-1.jpg 360w\" sizes=\"auto, (max-width: 480px) 150px\" src=\"https:\/\/kanaibeer.com\/wp-content\/uploads\/2024\/12\/La-Brigue-1B-Fotolia_156743-1.jpg\" alt=\"\" class=\"uag-image-59\" width=\"670\" height=\"446\" title=\"La-Brigue-1B-Fotolia_156743 (1)\" loading=\"lazy\" role=\"img\"\/><\/figure><\/div>\n<\/div><\/div>\n\n\n\n<div class=\"wp-block-uagb-container uagb-block-05a4a518 alignfull uagb-is-root-container\"><div class=\"uagb-container-inner-blocks-wrap\"><\/div><\/div>\n\n\n\n<p><\/p>\n","protected":false},"excerpt":{"rendered":"<p>Kana\u00ef est une aventure n\u00e9e d\u2019un groupe d\u2019amis partageant une passion commune pour la convivialit\u00e9 et les produits locaux. Apr\u00e8s [&hellip;]<\/p>\n","protected":false},"author":1,"featured_media":0,"parent":0,"menu_order":0,"comment_status":"closed","ping_status":"closed","template":"","meta":{"_uag_custom_page_level_css":"","site-sidebar-layout":"default","site-content-layout":"","ast-site-content-layout":"","site-content-style":"default","site-sidebar-style":"default","ast-global-header-display":"","ast-banner-title-visibility":"","ast-main-header-display":"","ast-hfb-above-header-display":"","ast-hfb-below-header-display":"","ast-hfb-mobile-header-display":"","site-post-title":"disabled","ast-breadcrumbs-content":"","ast-featured-img":"","footer-sml-layout":"","theme-transparent-header-meta":"","adv-header-id-meta":"","stick-header-meta":"","header-above-stick-meta":"","header-main-stick-meta":"","header-below-stick-meta":"","astra-migrate-meta-layouts":"default","ast-page-background-enabled":"default","ast-page-background-meta":{"desktop":{"background-color":"var(--ast-global-color-4)","background-image":"","background-repeat":"repeat","background-position":"center center","background-size":"auto","background-attachment":"scroll","background-type":"","background-media":"","overlay-type":"","overlay-color":"","overlay-opacity":"","overlay-gradient":""},"tablet":{"background-color":"","background-image":"","background-repeat":"repeat","background-position":"center center","background-size":"auto","background-attachment":"scroll","background-type":"","background-media":"","overlay-type":"","overlay-color":"","overlay-opacity":"","overlay-gradient":""},"mobile":{"background-color":"","background-image":"","background-repeat":"repeat","background-position":"center center","background-size":"auto","background-attachment":"scroll","background-type":"","background-media":"","overlay-type":"","overlay-color":"","overlay-opacity":"","overlay-gradient":""}},"ast-content-background-meta":{"desktop":{"background-color":"var(--ast-global-color-5)","background-image":"","background-repeat":"repeat","background-position":"center center","background-size":"auto","background-attachment":"scroll","background-type":"","background-media":"","overlay-type":"","overlay-color":"","overlay-opacity":"","overlay-gradient":""},"tablet":{"background-color":"var(--ast-global-color-5)","background-image":"","background-repeat":"repeat","background-position":"center center","background-size":"auto","background-attachment":"scroll","background-type":"","background-media":"","overlay-type":"","overlay-color":"","overlay-opacity":"","overlay-gradient":""},"mobile":{"background-color":"var(--ast-global-color-5)","background-image":"","background-repeat":"repeat","background-position":"center center","background-size":"auto","background-attachment":"scroll","background-type":"","background-media":"","overlay-type":"","overlay-color":"","overlay-opacity":"","overlay-gradient":""}},"footnotes":""},"class_list":["post-29","page","type-page","status-publish","hentry"],"yoast_head":"<!-- This site is optimized with the Yoast SEO plugin v24.0 - https:\/\/yoast.com\/wordpress\/plugins\/seo\/ -->\n<title>Kana\u00ef -<\/title>\n<meta name=\"description\" content=\"Kana\u00ef, des bi\u00e8res artisanales uniques, cr\u00e9\u00e9es avec passion et inspir\u00e9es par l\u2019amiti\u00e9, enracin\u00e9es dans la vall\u00e9e de la Roya.\" \/>\n<meta name=\"robots\" content=\"index, follow, max-snippet:-1, max-image-preview:large, max-video-preview:-1\" \/>\n<link rel=\"canonical\" href=\"https:\/\/kanaibeer.com\/\" \/>\n<meta property=\"og:locale\" content=\"fr_FR\" \/>\n<meta property=\"og:type\" content=\"article\" \/>\n<meta property=\"og:title\" content=\"Kana\u00ef -\" \/>\n<meta property=\"og:description\" content=\"Kana\u00ef, des bi\u00e8res artisanales uniques, cr\u00e9\u00e9es avec passion et inspir\u00e9es par l\u2019amiti\u00e9, enracin\u00e9es dans la vall\u00e9e de la Roya.\" \/>\n<meta property=\"og:url\" content=\"https:\/\/kanaibeer.com\/\" \/>\n<meta property=\"article:modified_time\" content=\"2024-12-10T13:54:46+00:00\" \/>\n<meta property=\"og:image\" content=\"http:\/\/kanaibeer.com\/wp-content\/uploads\/2024\/12\/bonne_biere_rousse_img_2048x1528-1024x764.jpg\" \/>\n<meta name=\"twitter:card\" content=\"summary_large_image\" \/>\n<meta name=\"twitter:label1\" content=\"Dur\u00e9e de lecture estim\u00e9e\" \/>\n\t<meta name=\"twitter:data1\" content=\"3 minutes\" \/>\n<script type=\"application\/ld+json\" class=\"yoast-schema-graph\">{\"@context\":\"https:\/\/schema.org\",\"@graph\":[{\"@type\":\"WebPage\",\"@id\":\"https:\/\/kanaibeer.com\/\",\"url\":\"https:\/\/kanaibeer.com\/\",\"name\":\"Kana\u00ef -\",\"isPartOf\":{\"@id\":\"https:\/\/kanaibeer.com\/#website\"},\"primaryImageOfPage\":{\"@id\":\"https:\/\/kanaibeer.com\/#primaryimage\"},\"image\":{\"@id\":\"https:\/\/kanaibeer.com\/#primaryimage\"},\"thumbnailUrl\":\"http:\/\/kanaibeer.com\/wp-content\/uploads\/2024\/12\/bonne_biere_rousse_img_2048x1528-1024x764.jpg\",\"datePublished\":\"2024-12-05T16:20:14+00:00\",\"dateModified\":\"2024-12-10T13:54:46+00:00\",\"description\":\"Kana\u00ef, des bi\u00e8res artisanales uniques, cr\u00e9\u00e9es avec passion et inspir\u00e9es par l\u2019amiti\u00e9, enracin\u00e9es dans la vall\u00e9e de la Roya.\",\"breadcrumb\":{\"@id\":\"https:\/\/kanaibeer.com\/#breadcrumb\"},\"inLanguage\":\"fr-FR\",\"potentialAction\":[{\"@type\":\"ReadAction\",\"target\":[\"https:\/\/kanaibeer.com\/\"]}]},{\"@type\":\"ImageObject\",\"inLanguage\":\"fr-FR\",\"@id\":\"https:\/\/kanaibeer.com\/#primaryimage\",\"url\":\"http:\/\/kanaibeer.com\/wp-content\/uploads\/2024\/12\/bonne_biere_rousse_img_2048x1528-1024x764.jpg\",\"contentUrl\":\"http:\/\/kanaibeer.com\/wp-content\/uploads\/2024\/12\/bonne_biere_rousse_img_2048x1528-1024x764.jpg\"},{\"@type\":\"BreadcrumbList\",\"@id\":\"https:\/\/kanaibeer.com\/#breadcrumb\",\"itemListElement\":[{\"@type\":\"ListItem\",\"position\":1,\"name\":\"Accueil\",\"item\":\"https:\/\/kanaibeer.com\/\"},{\"@type\":\"ListItem\",\"position\":2,\"name\":\"Kana\u00ef\"}]},{\"@type\":\"WebSite\",\"@id\":\"https:\/\/kanaibeer.com\/#website\",\"url\":\"https:\/\/kanaibeer.com\/\",\"name\":\"\",\"description\":\"vitrine conviviale et authentique d\u00e9di\u00e9e \u00e0 la d\u00e9couverte de bi\u00e8res artisanales uniques, incarnant partage, terroir et cr\u00e9ativit\u00e9.\",\"potentialAction\":[{\"@type\":\"SearchAction\",\"target\":{\"@type\":\"EntryPoint\",\"urlTemplate\":\"https:\/\/kanaibeer.com\/?s={search_term_string}\"},\"query-input\":{\"@type\":\"PropertyValueSpecification\",\"valueRequired\":true,\"valueName\":\"search_term_string\"}}],\"inLanguage\":\"fr-FR\"}]}<\/script>\n<!-- \/ Yoast SEO plugin. -->","yoast_head_json":{"title":"Kana\u00ef -","description":"Kana\u00ef, des bi\u00e8res artisanales uniques, cr\u00e9\u00e9es avec passion et inspir\u00e9es par l\u2019amiti\u00e9, enracin\u00e9es dans la vall\u00e9e de la Roya.","robots":{"index":"index","follow":"follow","max-snippet":"max-snippet:-1","max-image-preview":"max-image-preview:large","max-video-preview":"max-video-preview:-1"},"canonical":"https:\/\/kanaibeer.com\/","og_locale":"fr_FR","og_type":"article","og_title":"Kana\u00ef -","og_description":"Kana\u00ef, des bi\u00e8res artisanales uniques, cr\u00e9\u00e9es avec passion et inspir\u00e9es par l\u2019amiti\u00e9, enracin\u00e9es dans la vall\u00e9e de la Roya.","og_url":"https:\/\/kanaibeer.com\/","article_modified_time":"2024-12-10T13:54:46+00:00","og_image":[{"url":"http:\/\/kanaibeer.com\/wp-content\/uploads\/2024\/12\/bonne_biere_rousse_img_2048x1528-1024x764.jpg","type":"","width":"","height":""}],"twitter_card":"summary_large_image","twitter_misc":{"Dur\u00e9e de lecture estim\u00e9e":"3 minutes"},"schema":{"@context":"https:\/\/schema.org","@graph":[{"@type":"WebPage","@id":"https:\/\/kanaibeer.com\/","url":"https:\/\/kanaibeer.com\/","name":"Kana\u00ef -","isPartOf":{"@id":"https:\/\/kanaibeer.com\/#website"},"primaryImageOfPage":{"@id":"https:\/\/kanaibeer.com\/#primaryimage"},"image":{"@id":"https:\/\/kanaibeer.com\/#primaryimage"},"thumbnailUrl":"http:\/\/kanaibeer.com\/wp-content\/uploads\/2024\/12\/bonne_biere_rousse_img_2048x1528-1024x764.jpg","datePublished":"2024-12-05T16:20:14+00:00","dateModified":"2024-12-10T13:54:46+00:00","description":"Kana\u00ef, des bi\u00e8res artisanales uniques, cr\u00e9\u00e9es avec passion et inspir\u00e9es par l\u2019amiti\u00e9, enracin\u00e9es dans la vall\u00e9e de la Roya.","breadcrumb":{"@id":"https:\/\/kanaibeer.com\/#breadcrumb"},"inLanguage":"fr-FR","potentialAction":[{"@type":"ReadAction","target":["https:\/\/kanaibeer.com\/"]}]},{"@type":"ImageObject","inLanguage":"fr-FR","@id":"https:\/\/kanaibeer.com\/#primaryimage","url":"http:\/\/kanaibeer.com\/wp-content\/uploads\/2024\/12\/bonne_biere_rousse_img_2048x1528-1024x764.jpg","contentUrl":"http:\/\/kanaibeer.com\/wp-content\/uploads\/2024\/12\/bonne_biere_rousse_img_2048x1528-1024x764.jpg"},{"@type":"BreadcrumbList","@id":"https:\/\/kanaibeer.com\/#breadcrumb","itemListElement":[{"@type":"ListItem","position":1,"name":"Accueil","item":"https:\/\/kanaibeer.com\/"},{"@type":"ListItem","position":2,"name":"Kana\u00ef"}]},{"@type":"WebSite","@id":"https:\/\/kanaibeer.com\/#website","url":"https:\/\/kanaibeer.com\/","name":"","description":"vitrine conviviale et authentique d\u00e9di\u00e9e \u00e0 la d\u00e9couverte de bi\u00e8res artisanales uniques, incarnant partage, terroir et cr\u00e9ativit\u00e9.","potentialAction":[{"@type":"SearchAction","target":{"@type":"EntryPoint","urlTemplate":"https:\/\/kanaibeer.com\/?s={search_term_string}"},"query-input":{"@type":"PropertyValueSpecification","valueRequired":true,"valueName":"search_term_string"}}],"inLanguage":"fr-FR"}]}},"uagb_featured_image_src":{"full":false,"thumbnail":false,"medium":false,"medium_large":false,"large":false,"1536x1536":false,"2048x2048":false},"uagb_author_info":{"display_name":"admin9689","author_link":"https:\/\/kanaibeer.com\/?author=1"},"uagb_comment_info":0,"uagb_excerpt":"Kana\u00ef est une aventure n\u00e9e d\u2019un groupe d\u2019amis partageant une passion commune pour la convivialit\u00e9 et les produits locaux. Apr\u00e8s [&hellip;]","_links":{"self":[{"href":"https:\/\/kanaibeer.com\/index.php?rest_route=\/wp\/v2\/pages\/29","targetHints":{"allow":["GET"]}}],"collection":[{"href":"https:\/\/kanaibeer.com\/index.php?rest_route=\/wp\/v2\/pages"}],"about":[{"href":"https:\/\/kanaibeer.com\/index.php?rest_route=\/wp\/v2\/types\/page"}],"author":[{"embeddable":true,"href":"https:\/\/kanaibeer.com\/index.php?rest_route=\/wp\/v2\/users\/1"}],"replies":[{"embeddable":true,"href":"https:\/\/kanaibeer.com\/index.php?rest_route=%2Fwp%2Fv2%2Fcomments&post=29"}],"version-history":[{"count":33,"href":"https:\/\/kanaibeer.com\/index.php?rest_route=\/wp\/v2\/pages\/29\/revisions"}],"predecessor-version":[{"id":141,"href":"https:\/\/kanaibeer.com\/index.php?rest_route=\/wp\/v2\/pages\/29\/revisions\/141"}],"wp:attachment":[{"href":"https:\/\/kanaibeer.com\/index.php?rest_route=%2Fwp%2Fv2%2Fmedia&parent=29"}],"curies":[{"name":"wp","href":"https:\/\/api.w.org\/{rel}","templated":true}]}}